{"id":148,"date":"2023-06-07T00:03:06","date_gmt":"2023-06-07T00:03:06","guid":{"rendered":"https:\/\/staging.goffin.ch\/?page_id=148"},"modified":"2025-07-07T00:01:48","modified_gmt":"2025-07-07T00:01:48","slug":"datenschutz","status":"publish","type":"page","link":"https:\/\/www.goffin.ch\/index.php\/datenschutz\/","title":{"rendered":"Datenschutzerkl\u00e4rung"},"content":{"rendered":"<h3  class=\"wp-block-heading\">Wer wir sind<\/h3><p >Die Adresse unserer Website ist: https:\/\/www.goffin.ch.<\/p><h3  class=\"wp-block-heading\">Verantwortlich f\u00fcr den Inhalt<\/h3><p >goffin AG<br >Efeuweg 8<br >4323 Wallbach<\/p><h3  class=\"wp-block-heading\">Zweck der Datenverarbeitung<\/h3><p >Diese Webseite verwendet&nbsp;<a  href=\"https:\/\/matomo.org\" class=\"\">Matomo<\/a>, eine Open Source, selbstgehostete Software, um anonyme Nutzungsdaten f\u00fcr diese Webseite zu sammeln.<\/p><p >Die Daten zum Verhalten der Besucher werden gesammelt, um eventuelle Probleme wie nicht gefundene Seiten, Suchmaschinenprobleme oder unbeliebte Seiten herauszufinden. Sobald die Daten (Anzahl der Besucher die Fehlerseiten oder nur eine Seite sehen, usw.) verarbeitet werden, erzeugt Matomo Berichte f\u00fcr die Webseitenbetreiber, damit diese darauf reagieren k\u00f6nnen. (Layoutver\u00e4nderungen, neue Inhalte, usw.)<\/p><p >Matomo verarbeitet die folgenden Daten:<\/p><ul class=\"wp-block-list\" >\n<li >Cookies<\/li>\n\n\n\n<li >Anonymisierte IP-Adressen indem die letzten 2 bytes entfernt werden (also 198.51.0.0 anstatt 198.51.100.54)<\/li>\n\n\n\n<li >Pseudoanonymisierter Standort (basierend auf der anonymisierten IP-Adresse<\/li>\n\n\n\n<li >Datum und Uhrzeit<\/li>\n\n\n\n<li >Titel der aufgerufenen Seite<\/li>\n\n\n\n<li >URL der aufgerufenen Seite<\/li>\n\n\n\n<li >URL der vorhergehenden Seite (sofern diese das erlaubt)<\/li>\n\n\n\n<li >Bildschirmaufl\u00f6sung<\/li>\n\n\n\n<li >Lokale Zeit<\/li>\n\n\n\n<li >Dateien die angeklickt und heruntergeladen wurden<\/li>\n\n\n\n<li >Externe Links<\/li>\n\n\n\n<li >Dauer des Seitenaufbaus<\/li>\n\n\n\n<li >Land, Region, Stadt (mit niedriger Genauigkeit aufgrund von IP-Adresse)<\/li>\n\n\n\n<li >Hauptsprache des Browsers<\/li>\n\n\n\n<li >User Agent des Browsers<\/li>\n\n\n\n<li >Interaktionen mit Formularen (aber nicht deren Inhalt)<\/li>\n<\/ul><p ><\/p><h3  class=\"wp-block-heading\">Indirekte Datensammlung<\/h3><h4  class=\"wp-block-heading\">Server Logs<\/h4><p >Wenn Sie diese Webseite verwenden, wird der Aufruf vom Host der Webseite aufgezeichnet. Dieses Log enth\u00e4lt Ihre IP-Adresse, welche Sie indirekt \u00fcber Ihren Internetanbieter identifiziert. Die Aufzeichnung dieser Daten ist gesetzlich verpflichtend und f\u00fcr die Sicherheit notwendig. Es gibt keine M\u00f6glichkeit zum Opt-Out, die Daten werden aber niemals f\u00fcr andere Zwecke verwendet.&nbsp;<\/p><h4  class=\"wp-block-heading\">Basis des Legitimen Interesses<\/h4><p >Die Datenverarbeitung basiert auf dem Prinzip des legitimen Interesses.<\/p><p >Verarbeiten der Daten hilft uns, herauszufinden, was auf unserer Seite funktioniert und was nicht. Zum Beispiel finden wir damit heraus, ob die Inhalte gut ankommen oder wie wir die Struktur der Webseite verbessern k\u00f6nnen. Unser Team profitiert davon und kann darauf reagieren. Aufgrund der Datenverarbeitung profitieren Sie somit von einer Webseite, die laufend besser wird.<\/p><p >Ohne den Daten k\u00f6nnten wir den Service nicht bieten. Ihre Daten werden ausschlie\u00dflich zum Verbessern der Webseitennutzung verwendet.<\/p><h4  class=\"wp-block-heading\">Empf\u00e4nger der Daten<\/h4><p >Die pers\u00f6nlichen Daten werden gesendet an:<\/p><ul class=\"wp-block-list\" >\n<li >uns (das Team von goffin)<\/li>\n\n\n\n<li ><em >METANET AG<\/em>&nbsp;(Host des Servers;&nbsp;<a  rel=\"noreferrer noopener\" href=\"https:\/\/www.metanet.ch\/de\/ueber-metanet\/datenschutzerklaerung\" target=\"_blank\" class=\"\">Datenschutzerkl\u00e4rung<\/a>)<\/li>\n<\/ul><h4  class=\"wp-block-heading\">Details zum Transfer in Drittstaaten<\/h4><p >Die Daten dieser Webseite und Matomo werden in&nbsp;der Schweiz&nbsp;gehostet. Die Daten verlassen nie die EU.<\/p><h3  class=\"wp-block-heading\">Rechte der betroffenen Personen<\/h3><p >Da Matomo Daten basierend auf legitimen Interesse sammelt, k\u00f6nnen Sie folgende Rechte aus\u00fcben:<\/p><ul class=\"wp-block-list\" >\n<li ><strong >Recht auf Auskunft und Daten\u00fcbertragbarkeit<\/strong>: Sie k\u00f6nnen jederzeit alle Ihre Daten anfordern.<\/li>\n\n\n\n<li ><strong >Recht auf L\u00f6schung und Berichtigung<\/strong>: Sie k\u00f6nnen jederzeit anfragen, dass wir alle Ihre Daten vollst\u00e4ndig l\u00f6schen.<\/li>\n\n\n\n<li ><strong >Recht auf Widerspruch und Einschr\u00e4nkung der Verarbeitung<\/strong>: Sie k\u00f6nnen jederzeit der Datensammlung widersprechen, indem Sie diese Box abhaken:<\/li>\n<\/ul><p ><\/p><h3  class=\"wp-block-heading\">Das Recht eine Beschwerde bei der Datenschutzbeh\u00f6rde einbringen<\/h3><p >Wenn Sie denken, dass die Art, wie wir Ihre Daten mit Matomo verarbeiten, gegen das Gesetz verst\u00f6\u00dft, haben Sie das Recht eine Beschwerde bei der Datenschutzbeh\u00f6rde einzubringen.<\/p><h3  class=\"wp-block-heading\">Lizenz<\/h3><p >Diese Datenschutzerkl\u00e4rung basiert auf der Datenschutzerkl\u00e4rung des&nbsp;<a  href=\"https:\/\/matomo.org\/privacy-policy\" class=\"\">Matomo Projekts<\/a>&nbsp;und steht unter einer&nbsp;<a  href=\"https:\/\/creativecommons.org\/licenses\/by-sa\/4.0\" class=\"\">Creative Commons Lizenz<\/a>. Sie k\u00f6nnen Sie also selbst ver\u00e4ndern und weiterverwenden.<\/p>","protected":false},"excerpt":{"rendered":"<p>Wer wir sindDie Adresse unserer Website ist: https:\/\/www.goffin.ch.Verantwortlich f\u00fcr den Inhaltgoffin AGEfeuweg 84323 WallbachZweck der DatenverarbeitungDiese Webseite verwendet&nbsp;Matomo, eine Open Source, selbstgehostete Software, um anonyme Nutzungsdaten f\u00fcr diese Webseite zu sammeln.Die Daten zum Verhalten der Besucher werden gesammelt, um eventuelle Probleme wie nicht gefundene Seiten, Suchmaschinenprobleme oder unbeliebte Seiten herauszufinden. Sobald die Daten (Anzahl der&hellip; <br \/> <a class=\"button small blue\" href=\"https:\/\/www.goffin.ch\/index.php\/2023\/05\/25\/hello-world\/\">Weiterlesen<\/a><\/p>\n","protected":false},"author":1,"featured_media":0,"parent":0,"menu_order":0,"comment_status":"closed","ping_status":"closed","template":"","meta":{"footnotes":""},"class_list":["post-148","page","type-page","status-publish","hentry"],"_links":{"self":[{"href":"https:\/\/www.goffin.ch\/index.php\/wp-json\/wp\/v2\/pages\/148","targetHints":{"allow":["GET"]}}],"collection":[{"href":"https:\/\/www.goffin.ch\/index.php\/wp-json\/wp\/v2\/pages"}],"about":[{"href":"https:\/\/www.goffin.ch\/index.php\/wp-json\/wp\/v2\/types\/page"}],"author":[{"embeddable":true,"href":"https:\/\/www.goffin.ch\/index.php\/wp-json\/wp\/v2\/users\/1"}],"replies":[{"embeddable":true,"href":"https:\/\/www.goffin.ch\/index.php\/wp-json\/wp\/v2\/comments?post=148"}],"version-history":[{"count":9,"href":"https:\/\/www.goffin.ch\/index.php\/wp-json\/wp\/v2\/pages\/148\/revisions"}],"predecessor-version":[{"id":251,"href":"https:\/\/www.goffin.ch\/index.php\/wp-json\/wp\/v2\/pages\/148\/revisions\/251"}],"wp:attachment":[{"href":"https:\/\/www.goffin.ch\/index.php\/wp-json\/wp\/v2\/media?parent=148"}],"curies":[{"name":"wp","href":"https:\/\/api.w.org\/{rel}","templated":true}]}}