{"id":9,"date":"2023-05-25T23:08:24","date_gmt":"2023-05-25T23:08:24","guid":{"rendered":"https:\/\/www.goffin.ch\/?page_id=9"},"modified":"2025-07-07T00:00:17","modified_gmt":"2025-07-07T00:00:17","slug":"untitled-page-2023-05-25-230840","status":"publish","type":"page","link":"https:\/\/www.goffin.ch\/","title":{"rendered":"Start"},"content":{"rendered":"<div  data-label=\"Profil\" data-id=\"cta-centered-section-grid\" data-category=\"cta\" class=\"cta-centered-section white-text cta-centered-section-grid\" id=\"profil\" style=\"background-image: none; background-color: rgb(230, 230, 230);\" data-ovid=\"ovid-cta-2-745\"> <div  class=\"gridContainer\"> <div  class=\"row\"> <div  class=\"cta-centered-section-col dynamic-color\" data-type=\"column\">    <p  class=\"cta-centered-section-text\"><span  style=\"color: rgb(102, 102, 102);\">Die goffin AG \u2013 Ihr zuverl\u00e4ssiger IT-Consulting-Partner. Im Jahr 2022 von drei \u00e4usserst erfahrenen und begeisterten IT-Beratern in Wallbach im Kanton Aargau gegr\u00fcndet, bieten wir Ihnen ein breites Spektrum nachhaltiger und pragmatischer Dienstleistungen auf h\u00f6chstem Qualit\u00e4tsniveau. Unser Anspruch ist es, stets das Ziel eines Projekts im Fokus zu behalten und daraus den maximalen Kundennutzen zu gew\u00e4hrleisten. Grossen Wert legen wir neben der fachlichen Expertise auf einen menschlichen und empathischen Ansatz<\/span><span  id=\"_mce_caret\" data-mce-bogus=\"1\" data-mce-type=\"format-caret\"><span  style=\"color: rgb(102, 102, 102);\">\ufeff<\/span><\/span><\/p><p  class=\"\"><span  style=\"color: rgb(102, 102, 102);\">Unser Team besteht aus hochqualifizierten IT-Consultants mit mehreren Jahrzehnten gemeinsamer Erfahrung in verschiedenen Bereichen des IT-Consulting. Durch die Arbeit in unterschiedlichen Rollen und zahlreichen Branchen, verf\u00fcgen wir \u00fcber ein breites Wissen und erprobte Kompetenzen. Diese Kombination bildet die solide Basis f\u00fcr eine Vielzahl erfolgreicher Projekte und \u00e4usserst zufriedene Kunden.<\/span><\/p><p  class=\"\"><span  style=\"color: rgb(102, 102, 102);\">Bei der goffin AG setzen wir auf eine enge Zusammenarbeit mit unseren Kunden. Wir h\u00f6ren Ihnen aufmerksam zu, um Ihre individuellen Anforderungen und Ziele zu verstehen. Basierend auf diesem Verst\u00e4ndnis entwickeln wir massgeschneiderte L\u00f6sungen, die genau auf ihre Bed\u00fcrfnisse zugeschnitten sind. Unser Ziel ist es, ihnen einen Mehrwert zu bieten und ihre unternehmerischen Erfolge voranzutreiben.<\/span><\/p><\/div> <\/div> <\/div> <\/div><div  data-label=\"Angebot\" data-id=\"stripped-coloured-icon-boxes\" data-category=\"overlapable\" class=\"features-coloured-icon-boxes-section stripped-coloured-icon-boxes content-relative\" data-overlap=\"true\" id=\"angebot\" style=\"background-color: rgb(230, 230, 230); background-image: none;\" data-ovid=\"ovid-overlapable-2-210\">\n<div  class=\"gridContainer\">\n<div  class=\"features-coloured-icon-boxes-innerrow flexbox-list dark-text\" data-type=\"row\">\n<div  class=\"features-coloured-icon-boxes-featurecol cp3cols color2\">\n<div  class=\"features-coloured-icon-boxes-iconcontainer\" data-content-item-container=\"true\"> <i  data-cp-fa=\"true\" class=\"features-coloured-icon fa fa-pencil-square-o color9\"><\/i><\/div>\n<h4  class=\"\">Business-Analyse<\/h4>\n<p  class=\"\">Wir begleiten Sie von der ersten Idee bis hin zur Implementierung zielgerichteter L\u00f6sungen\u2026<\/p>\n <a  class=\"features-coloured-button button no-shadow transparent\" href=\"#businessanalyse\" target=\"_self\" data-icon=\"\" rel=\"noopener\">mehr erfahren<\/a>\n\n<\/div>\n<div  class=\"features-coloured-icon-boxes-featurecol cp3cols color1\">\n<div  class=\"features-coloured-icon-boxes-iconcontainer\" data-content-item-container=\"true\"> <i  data-cp-fa=\"true\" class=\"features-coloured-icon fa fa-users color10\"><\/i><\/div>\n<h4  class=\"\">Training<\/h4>\n<p  class=\"\">Wir wissen, dass der Erfolg von IT-L\u00f6sungen eng mit dem Change Management verbunden ist\u2026<\/p>\n <a  class=\"features-coloured-button button force-shadow transparent\" href=\"#training\" target=\"_self\" data-icon=\"\" rel=\"noopener\">mehr erfahren<\/a>\n\n<\/div>\n<div  class=\"features-coloured-icon-boxes-featurecol cp3cols color3\">\n<div  class=\"features-coloured-icon-boxes-iconcontainer\" data-content-item-container=\"true\"> <i  data-cp-fa=\"true\" class=\"features-coloured-icon fa fa-signal\"><\/i><\/div>\n<h4  class=\"\">Projektleitung<\/h4>\n<p  class=\"\">Bei der erfolgreichen Umsetzung von IT-Projekten, ob traditionell oder im agilen Kontext, ist eine\u2026<\/p>\n <a  class=\"features-coloured-button button force-shadow transparent\" href=\"#projektleitung\" target=\"_self\" data-icon=\"\" rel=\"noopener\">mehr erfahren<\/a>\n\n<\/div>\n<div  class=\"features-coloured-icon-boxes-featurecol cp3cols color4\">\n<div  class=\"features-coloured-icon-boxes-iconcontainer\" data-content-item-container=\"true\"> <i  data-cp-fa=\"true\" class=\"features-coloured-icon fa fa-check-square-o color10\"><\/i><\/div>\n<h4  class=\"\">Qualit\u00e4tssicherung<\/h4>\n<p  class=\"\">Wir betrachten Massnahmen zur Sicherung der Qualit\u00e4t und insbesondere das Testen\u2026<\/p>\n <a  class=\"features-coloured-button button force-shadow transparent\" href=\"#quality\" target=\"_self\" data-icon=\"\" rel=\"noopener\">mehr erfahren<\/a>\n\n<\/div>\n<\/div>\n<\/div>\n<\/div><div  data-label=\"BusinessAnalyse\" data-id=\"content-image-left\" data-category=\"content\" class=\"content-left-image-section content-image-left\" id=\"businessanalyse\" style=\"background-color: rgb(230, 230, 230); background-image: none;\" data-ovid=\"ovid-content-3-748\">\n<div  class=\"gridContainer\">\n<div  class=\"row\">\n<div  class=\"content-left-image-imgcol\" data-type=\"column\"> <img  decoding=\"async\" src=\"https:\/\/www.goffin.ch\/wp-content\/uploads\/2023\/05\/Business-Analyse_400.png\" class=\"\" alt=\"\"><\/div>\n<div  class=\"content-left-image-textcol dynamic-color\" data-type=\"column\">\n<h2  class=\"\"><span  style=\"color: rgb(102, 102, 102);\">Business-Analyse: \n<\/span><br ><span  style=\"color: rgb(102, 102, 102);\">Wegweiser zur erfolgreichen Umsetzung&nbsp;<\/span><\/h2>\n<p  class=\"large_text\"> Wir begleiten Sie von der ersten Idee bis hin zur erfolgreichen Implementierung zielgerichteter L\u00f6sungen. Unser Team unterst\u00fctzt Sie bei der Analyse Ihrer Anforderungen, der Auswahl des geeigneten Umsetzungspartners und der detaillierten Spezifikation. Dar\u00fcber hinaus sind wir Experten in der Gestaltung und Anpassung von Gesch\u00e4ftsprozessen, um nachhaltige L\u00f6sungen zu schaffen.<\/p>\n \n\n<\/div>\n<\/div>\n<\/div>\n<\/div><div  data-label=\"Training\" data-id=\"content-image-right\" data-category=\"content\" class=\"content-right-image-section content-image-right\" id=\"training\" style=\"background-color: rgb(255, 255, 255);\">\n<div  class=\"gridContainer\">\n<div  class=\"content-right-image-gridcol\">\n<div  class=\"content-right-image-textcol dynamic-color\" data-type=\"column\">\n<h2  class=\"\"><span  style=\"color: rgb(102, 102, 102);\">Training:\n<\/span><br ><span  style=\"color: rgb(102, 102, 102);\">Menschen f\u00fcr den Erfolg bef\u00e4higen<\/span>&nbsp;<span  id=\"_mce_caret\" data-mce-bogus=\"1\" data-mce-type=\"format-caret\"><span  style=\"color: rgb(102, 102, 102);\">\ufeff<\/span><\/span><\/h2>\n<p  class=\"large_text\">Wir wissen, dass der Erfolg von IT-L\u00f6sungen eng mit einem individuell abgestimmten und professionell umgesetzten Change Management verbunden ist. Wir legen grossen Wert darauf, die Menschen in den Mittelpunkt zu stellen und sie dabei zu unterst\u00fctzen neue M\u00f6glichkeiten zielgerichtet und erfolgreich zu nutzen.<br >\nUnser umfassendes Trainings- und Schulungsprogramm bietet Ihnen die Werkzeuge und das Wissen, um das volle Potenzial Ihrer IT-L\u00f6sungen auszusch\u00f6pfen.<span  id=\"_mce_caret\" data-mce-bogus=\"1\" data-mce-type=\"format-caret\"><span  style=\"font-family: &quot;Open Sans&quot;, arial, helvetica, sans-serif;\">\ufeff<\/span><\/span><\/p>\n \n\n<\/div>\n<div  class=\"content-right-image-imgcol\" data-type=\"column\"> <img  decoding=\"async\" src=\"https:\/\/www.goffin.ch\/wp-content\/uploads\/2023\/05\/Training_400.png\" class=\"\" alt=\"\"><\/div>\n<\/div>\n<\/div>\n<\/div><div  data-label=\"Projektleitung\" data-id=\"content-image-left-1\" data-category=\"content\" class=\"content-left-image-section content-image-left-1\" id=\"projektleitung\" style=\"background-color: rgb(230, 230, 230); background-image: none;\" data-ovid=\"ovid-content-1-751\">\n<div  class=\"gridContainer\">\n<div  class=\"row\">\n<div  class=\"content-left-image-imgcol\" data-type=\"column\"> <img  decoding=\"async\" src=\"https:\/\/www.goffin.ch\/wp-content\/uploads\/2023\/05\/Projektmanagement_400.png\" class=\"\" alt=\"\"><\/div>\n<div  class=\"content-left-image-textcol dynamic-color\" data-type=\"column\">\n<h2  class=\"\"><span  style=\"color: rgb(102, 102, 102);\">Projektmanagement:\n<\/span><br ><span  style=\"color: rgb(102, 102, 102);\">Gemeinsam zum Erfolg&nbsp;<\/span><\/h2>\n<p  class=\"large_text\"> Bei der erfolgreichen Umsetzung von IT-Projekten, ob traditionell oder im agilen Kontext, ist eine erfahrene Projektbegleitung und Koordination unerl\u00e4sslich. Wir stellen sicher, dass die Ergebnisse mit den verf\u00fcgbaren Ressourcen und zum geplanten Zeitpunkt vorliegen. Wir sorgen daf\u00fcr, dass alle Beteiligten auf den gemeinsamen Weg mitgenommen werden. Wir  verstehen die Bedeutung einer effektiven Projektsteuerung und Projektf\u00fchrung.<\/p>\n \n\n<\/div>\n<\/div>\n<\/div>\n<\/div><div  data-label=\"Quality\" data-id=\"content-image-right-1\" data-category=\"content\" class=\"content-right-image-section content-image-right-1 content-relative\" id=\"quality\" style=\"background-color: rgb(255, 255, 255); background-image: none;\" data-ovid=\"ovid-quality-130\">\n<div  class=\"gridContainer\">\n<div  class=\"content-right-image-gridcol\">\n<div  class=\"content-right-image-textcol dynamic-color\" data-type=\"column\">\n<h2  class=\"\"><span  style=\"color: rgb(102, 102, 102);\">Qualit\u00e4tssicherung: \n<br >Ihr Erfolg ist unsere Priorit\u00e4t<\/span><\/h2>\n<p  class=\"large_text\">Wir betrachten Massnahmen zur Sicherung der Qualit\u00e4t (funktional wie nicht-funktional) und insbesondere das Testen der gelieferten Komponenten nicht als optional, sondern als integralen Bestandteil jedes Projekts. Sie bilden die Grundlage des Projekterfolgs, damit die L\u00f6sung den erwarteten Nutzen f\u00fcr den Kunden entfalten kann.<br >\nWir verf\u00fcgen \u00fcber umfangreiche Methodenkenntnisse und setzen bew\u00e4hrte Verfahren ein, um sicherzustellen, dass die QS-Massnahmen zu effizient wie m\u00f6glich eingesetzt werden und Ihre Komponenten den h\u00f6chsten Qualit\u00e4tsstandards entsprechen.<\/p>\n \n\n<\/div>\n<div  class=\"content-right-image-imgcol\" data-type=\"column\"> <img  decoding=\"async\" src=\"https:\/\/www.goffin.ch\/wp-content\/uploads\/2023\/05\/Qualitaetssicherung_400.png\" class=\"\" alt=\"\"><\/div>\n<\/div>\n<\/div>\n<\/div><div  data-label=\"Partner\" data-id=\"features-square-image-section\" data-category=\"features\" class=\"features-square-image-section\" id=\"partner\" style=\"background-color: rgb(230, 230, 230); background-image: none;\" data-ovid=\"ovid-team-89\"> <div  class=\"gridContainer dynamic-color\"> <div  class=\"features-square-image-textrow\"> <div  class=\"features-square-image-textcol\" data-type=\"column\"> <h2  class=\"\">Partner<\/h2> <p  class=\"\">Als Gr\u00fcnder und Partner der goffin AG geben wir die Richtung vor. Unsere gemeinsamen Ideen, Visionen, Ziele und Werte sind die Basis unseres Unternehmens. \n<br >Grund genug, uns kurz vorzustellen.&nbsp;<\/p> <\/div> <\/div> <div  class=\"features-square-image-innerrow\" data-type=\"row\"> <div  class=\"features-square-image-featcol cp4cols cp6cols-tablet\"><img  decoding=\"async\" class=\"features-square-image-featimg\" src=\"https:\/\/www.goffin.ch\/wp-content\/uploads\/2023\/07\/cropped-Faber_Alex_hoch-1.jpg\" alt=\"\"> <h4  class=\"\"><span  style=\"color: rgb(242, 143, 37);\">Alex Faber<\/span><\/h4> <p  class=\"\">goffin ist f\u00fcr mich\u2026\n<br >\u2026 die M\u00f6glichkeit, als Team mit unterschiedlichen F\u00e4higkeiten und Perspektiven ein Umfeld zu schaffen, das optimale Leistung f\u00fcr unsere Kunden,&nbsp; zufriedene Mitarbeiter und eine stetige Weiterentwicklung des Unternehmens erm\u00f6glicht.<\/p>  <a  class=\"button small color2\" href=\"https:\/\/www.linkedin.com\/in\/alexander-faber-0496391a5\" target=\"_blank\" data-icon=\"fa-linkedin\" rel=\"noopener\"><span  class=\"button-icon fa fa-linkedin\"><\/span><\/a><\/div> <div  class=\"features-square-image-featcol cp4cols cp6cols-tablet\"><img  decoding=\"async\" class=\"features-square-image-featimg\" src=\"https:\/\/www.goffin.ch\/wp-content\/uploads\/2023\/07\/cropped-Stauber_Denise_hoch-1.jpg\" alt=\"\"> <h4  class=\"\"><span  style=\"color: rgb(239, 119, 67);\">Denise Stauber<\/span><\/h4> <p  class=\"\">goffin ist f\u00fcr mich\u2026\n<br >\u2026 die Gelegenheit, der Arbeitgeber und Auftragnehmer zu sein, welchen ich mir w\u00fcnschen w\u00fcrde. Das heisst, Dinge auf Augenh\u00f6he anzusprechen, gemeinsam nachhaltige L\u00f6sungen zu finden, die Extrameile zu gehen und Spass bei der Arbeit zu haben.<\/p> <a  class=\"button small color1\" href=\"https:\/\/www.linkedin.com\/in\/denise-stauber-95467915b\" target=\"_blank\" data-icon=\"fa-linkedin\" rel=\"noopener\"><span  class=\"button-icon fa fa-linkedin\"><\/span><\/a><\/div> <div  class=\"features-square-image-featcol cp4cols cp6cols-tablet\"><img  decoding=\"async\" class=\"features-square-image-featimg\" src=\"https:\/\/www.goffin.ch\/wp-content\/uploads\/2023\/07\/cropped-Agosti_Stefan_hoch-1.jpg\" alt=\"\"> <h4  class=\"\"><font  color=\"#db5b3f\">Stefan Agosti<\/font><\/h4> <p  class=\"\">goffin ist f\u00fcr mich\u2026\n<br >\u2026 der verl\u00e4ssliche Partner, wenn es darum geht, die Herausforderungen der digitalen Transformation f\u00fcr Organisationen greifbar zu machen und herauszuarbeiten, wie die Gesch\u00e4ftsmodelle von heute optimiert und diejenigen von Morgen bef\u00e4higt werden.<\/p> <a  class=\"button small color3\" href=\"https:\/\/www.linkedin.com\/in\/stefanagosti\" target=\"_blank\" data-icon=\"fa-linkedin\" rel=\"noopener\"><span  class=\"button-icon fa fa-linkedin\"><\/span><\/a><\/div> <\/div> <\/div><\/div><div  data-label=\"Kontakt\" data-id=\"cta-centered-bg-section\" data-category=\"cta\" class=\"cta-centered-bg-section white-text happy_memories content-relative\" data-parallax-depth=\"20\" id=\"kontakt\" data-ovid=\"ovid-cta-1-462\"> <div  class=\"gridContainer\"> <div  class=\"cta-centered-bg-section-row\"> <div  class=\"cta-centered-bg-section-row-2\"> <div  class=\"cta-centered-bg-section-col dynamic-color\" data-type=\"column\"> <h3  class=\"cta-centered-bg-section-title\"><span  style=\"font-weight: 300;\"><b ><span  id=\"_mce_caret\" data-mce-bogus=\"1\" data-mce-type=\"format-caret\"><span  style=\"font-weight: 300;\">Kontakt<\/span><\/span><\/b><\/span><\/h3>  <p  class=\"\">So erreichen Sie uns:<\/p><p  class=\"\">per Mail: kontakt@goffin.ch<br >\nper Telefon: +41 61 589 68 28<br >\nper Post: Efeuweg 8, 4323 Wallbach<\/p><a  class=\"button transparent white-text\" href=\"https:\/\/www.linkedin.com\/company\/goffin-gmbh\" target=\"_blank\" data-icon=\"fa-linkedin\" rel=\"noopener\"><span  class=\"button-icon fa fa-linkedin\"><\/span><\/a><div  class=\"spacer\" data-type=\"group\"><span  class=\"fa before\"><\/span><i  class=\"fa fa-angle-down color9\" data-reiki-hidden=\"true\"><\/i><span  class=\"fa after\"><\/span><\/div><a  href=\"https:\/\/www.goffin.ch\/index.php\/datenschutz\" class=\"\" target=\"_self\" rel=\"noopener\">Datenschutzerkl\u00e4rung<\/a><\/div> <\/div> <\/div> <\/div> <\/div>","protected":false},"excerpt":{"rendered":"<p>Die goffin AG \u2013 Ihr zuverl\u00e4ssiger IT-Consulting-Partner. Im Jahr 2022 von drei \u00e4usserst erfahrenen und begeisterten IT-Beratern in Wallbach im Kanton Aargau gegr\u00fcndet, bieten wir Ihnen ein breites Spektrum nachhaltiger und pragmatischer Dienstleistungen auf h\u00f6chstem Qualit\u00e4tsniveau. Unser Anspruch ist es, stets das Ziel eines Projekts im Fokus zu behalten und daraus den maximalen Kundennutzen zu&hellip; <br \/> <a class=\"button small blue\" href=\"https:\/\/www.goffin.ch\/index.php\/2023\/05\/25\/hello-world\/\">Weiterlesen<\/a><\/p>\n","protected":false},"author":1,"featured_media":0,"parent":0,"menu_order":0,"comment_status":"closed","ping_status":"closed","template":"full-width-page.php","meta":{"footnotes":""},"class_list":["post-9","page","type-page","status-publish","hentry"],"_links":{"self":[{"href":"https:\/\/www.goffin.ch\/index.php\/wp-json\/wp\/v2\/pages\/9","targetHints":{"allow":["GET"]}}],"collection":[{"href":"https:\/\/www.goffin.ch\/index.php\/wp-json\/wp\/v2\/pages"}],"about":[{"href":"https:\/\/www.goffin.ch\/index.php\/wp-json\/wp\/v2\/types\/page"}],"author":[{"embeddable":true,"href":"https:\/\/www.goffin.ch\/index.php\/wp-json\/wp\/v2\/users\/1"}],"replies":[{"embeddable":true,"href":"https:\/\/www.goffin.ch\/index.php\/wp-json\/wp\/v2\/comments?post=9"}],"version-history":[{"count":71,"href":"https:\/\/www.goffin.ch\/index.php\/wp-json\/wp\/v2\/pages\/9\/revisions"}],"predecessor-version":[{"id":249,"href":"https:\/\/www.goffin.ch\/index.php\/wp-json\/wp\/v2\/pages\/9\/revisions\/249"}],"wp:attachment":[{"href":"https:\/\/www.goffin.ch\/index.php\/wp-json\/wp\/v2\/media?parent=9"}],"curies":[{"name":"wp","href":"https:\/\/api.w.org\/{rel}","templated":true}]}}